{"id":16775,"date":"2013-07-03T20:04:37","date_gmt":"2013-07-04T00:04:37","guid":{"rendered":"https:\/\/brownhealthcare.flywheelsites.com\/?product=foulard-headsaver"},"modified":"2024-02-07T21:19:42","modified_gmt":"2024-02-08T02:19:42","slug":"foulard-headsaver","status":"publish","type":"product","link":"https:\/\/brownhealthcare.com\/fr\/produit\/foulard-headsaver\/","title":{"rendered":"Foulard HeadSaver"},"content":{"rendered":"<p>Ce foulard chic, f\u00e9minin et discret rend le HeadSaver aussi individuel que vous!<\/p>\n<div><\/div>\n<div>Disponible en deux couleurs, rose ou bleu, le foulard est con\u00e7u sp\u00e9cialement pour couvrir le casque protecteur HeadSaver.<\/div>\n<div><\/div>\n<div>Il est muni d&#8217;un \u00e9lastique et cousu de fa\u00e7on \u00e0 maintenir sa forme et son style<\/div>\n","protected":false},"excerpt":{"rendered":"<p>Ce foulard chic, f\u00e9minin et discret rend le HeadSaver aussi  [&#8230;]<\/p>\n","protected":false},"featured_media":16772,"template":"","meta":[],"pwb-brand":[],"product_brand":[],"product_cat":[138],"product_tag":[],"class_list":{"0":"post-16775","1":"product","2":"type-product","3":"status-publish","4":"has-post-thumbnail","6":"product_cat-headsaver-fr","8":"first","9":"instock","10":"taxable","11":"shipping-taxable","12":"purchasable","13":"product-type-variable"},"brands":[],"_links":{"self":[{"href":"https:\/\/brownhealthcare.com\/fr\/wp-json\/wp\/v2\/product\/16775","targetHints":{"allow":["GET"]}}],"collection":[{"href":"https:\/\/brownhealthcare.com\/fr\/wp-json\/wp\/v2\/product"}],"about":[{"href":"https:\/\/brownhealthcare.com\/fr\/wp-json\/wp\/v2\/types\/product"}],"wp:featuredmedia":[{"embeddable":true,"href":"https:\/\/brownhealthcare.com\/fr\/wp-json\/wp\/v2\/media\/16772"}],"wp:attachment":[{"href":"https:\/\/brownhealthcare.com\/fr\/wp-json\/wp\/v2\/media?parent=16775"}],"wp:term":[{"taxonomy":"pwb-brand","embeddable":true,"href":"https:\/\/brownhealthcare.com\/fr\/wp-json\/wp\/v2\/pwb-brand?post=16775"},{"taxonomy":"product_brand","embeddable":true,"href":"https:\/\/brownhealthcare.com\/fr\/wp-json\/wp\/v2\/product_brand?post=16775"},{"taxonomy":"product_cat","embeddable":true,"href":"https:\/\/brownhealthcare.com\/fr\/wp-json\/wp\/v2\/product_cat?post=16775"},{"taxonomy":"product_tag","embeddable":true,"href":"https:\/\/brownhealthcare.com\/fr\/wp-json\/wp\/v2\/product_tag?post=16775"}],"curies":[{"name":"wp","href":"https:\/\/api.w.org\/{rel}","templated":true}]}}