{"id":16763,"date":"2013-07-03T19:55:09","date_gmt":"2013-07-03T23:55:09","guid":{"rendered":"https:\/\/brownhealthcare.flywheelsites.com\/?product=headsaver"},"modified":"2024-02-07T21:23:22","modified_gmt":"2024-02-08T02:23:22","slug":"headsaver","status":"publish","type":"product","link":"https:\/\/brownhealthcare.com\/fr\/produit\/headsaver\/","title":{"rendered":"HeadSaver"},"content":{"rendered":"<p>Le HeadSaver, disponible en deux tailles, est enti\u00e8rement ajustable gr\u00e2ce \u00e0 des bandes en Velcro qui lui permettent de s&#8217;adapter \u00e0 la t\u00eate de la plupart des gens.<\/p>\n<p>Petit \/ moyen s&#8217;adapte \u00e0 52-57 cm<\/p>\n<p>Moyen \/ Large s&#8217;adapte \u00e0 56 \u00e0 62 cm<\/p>\n<div>Une fois ajust\u00e9, HeadSaver est tout \u00e0 fait confortable de sorte que, lors d&#8217;une chute, le casque restera bien en place sur la t\u00eate. Pour prot\u00e9ger davantage la t\u00eate, une courroie-menton d\u00e9tachable en Velcro munie d&#8217;une attache est fournie avec chaque HeadSaver.<\/div>\n<div><\/div>\n<div>Trois rev\u00eatements sont disponibles pour agr\u00e9menter le HeadSaver : une tuque classique, un chapeau de soleil pratique et un foulard tr\u00e8s chic.<\/div>\n<div><\/div>\n<div>HeadSaver \u2013 le seul casque protecteur souple et \u00e9l\u00e9gant valid\u00e9 par la science!<\/div>\n","protected":false},"excerpt":{"rendered":"<p>Le HeadSaver, disponible en deux tailles, est enti\u00e8rement ajustable gr\u00e2ce  [&#8230;]<\/p>\n","protected":false},"featured_media":16760,"template":"","meta":[],"pwb-brand":[],"product_brand":[],"product_cat":[138],"product_tag":[],"class_list":{"0":"post-16763","1":"product","2":"type-product","3":"status-publish","4":"has-post-thumbnail","6":"product_cat-headsaver-fr","8":"first","9":"instock","10":"taxable","11":"shipping-taxable","12":"purchasable","13":"product-type-variable"},"brands":[],"_links":{"self":[{"href":"https:\/\/brownhealthcare.com\/fr\/wp-json\/wp\/v2\/product\/16763","targetHints":{"allow":["GET"]}}],"collection":[{"href":"https:\/\/brownhealthcare.com\/fr\/wp-json\/wp\/v2\/product"}],"about":[{"href":"https:\/\/brownhealthcare.com\/fr\/wp-json\/wp\/v2\/types\/product"}],"wp:featuredmedia":[{"embeddable":true,"href":"https:\/\/brownhealthcare.com\/fr\/wp-json\/wp\/v2\/media\/16760"}],"wp:attachment":[{"href":"https:\/\/brownhealthcare.com\/fr\/wp-json\/wp\/v2\/media?parent=16763"}],"wp:term":[{"taxonomy":"pwb-brand","embeddable":true,"href":"https:\/\/brownhealthcare.com\/fr\/wp-json\/wp\/v2\/pwb-brand?post=16763"},{"taxonomy":"product_brand","embeddable":true,"href":"https:\/\/brownhealthcare.com\/fr\/wp-json\/wp\/v2\/product_brand?post=16763"},{"taxonomy":"product_cat","embeddable":true,"href":"https:\/\/brownhealthcare.com\/fr\/wp-json\/wp\/v2\/product_cat?post=16763"},{"taxonomy":"product_tag","embeddable":true,"href":"https:\/\/brownhealthcare.com\/fr\/wp-json\/wp\/v2\/product_tag?post=16763"}],"curies":[{"name":"wp","href":"https:\/\/api.w.org\/{rel}","templated":true}]}}