{"id":16751,"date":"2007-10-07T09:57:25","date_gmt":"2007-10-07T13:57:25","guid":{"rendered":"https:\/\/brownhealthcare.flywheelsites.com\/?product=ouverture-vers-le-bas-a-3-boutons-poussoirs-hipsaver"},"modified":"2024-02-07T00:09:21","modified_gmt":"2024-02-07T05:09:21","slug":"ouverture-vers-le-bas-a-3-boutons-poussoirs-hipsaver","status":"publish","type":"product","link":"https:\/\/brownhealthcare.com\/fr\/produit\/ouverture-vers-le-bas-a-3-boutons-poussoirs-hipsaver\/","title":{"rendered":"Ouverture vers le bas \u00e0 3 boutons-poussoirs HipSaver"},"content":{"rendered":"<p>Con\u00e7u pour \u00eatre port\u00e9 par-dessus les produits pour incontinence.\u00a0L\u2019ouverture \u00e0 la fourche minimise les chances de salir le HipSaver, entra\u00eenant donc moins de changements.<\/p>\n","protected":false},"excerpt":{"rendered":"<p>Con\u00e7u pour \u00eatre port\u00e9 par-dessus les produits pour incontinence.\u00a0L\u2019ouverture \u00e0  [&#8230;]<\/p>\n","protected":false},"featured_media":16744,"template":"","meta":[],"pwb-brand":[],"product_brand":[],"product_cat":[136],"product_tag":[],"class_list":{"0":"post-16751","1":"product","2":"type-product","3":"status-publish","4":"has-post-thumbnail","6":"product_cat-hipsaver-fr","8":"first","9":"instock","10":"taxable","11":"shipping-taxable","12":"product-type-variable"},"brands":[],"_links":{"self":[{"href":"https:\/\/brownhealthcare.com\/fr\/wp-json\/wp\/v2\/product\/16751","targetHints":{"allow":["GET"]}}],"collection":[{"href":"https:\/\/brownhealthcare.com\/fr\/wp-json\/wp\/v2\/product"}],"about":[{"href":"https:\/\/brownhealthcare.com\/fr\/wp-json\/wp\/v2\/types\/product"}],"wp:featuredmedia":[{"embeddable":true,"href":"https:\/\/brownhealthcare.com\/fr\/wp-json\/wp\/v2\/media\/16744"}],"wp:attachment":[{"href":"https:\/\/brownhealthcare.com\/fr\/wp-json\/wp\/v2\/media?parent=16751"}],"wp:term":[{"taxonomy":"pwb-brand","embeddable":true,"href":"https:\/\/brownhealthcare.com\/fr\/wp-json\/wp\/v2\/pwb-brand?post=16751"},{"taxonomy":"product_brand","embeddable":true,"href":"https:\/\/brownhealthcare.com\/fr\/wp-json\/wp\/v2\/product_brand?post=16751"},{"taxonomy":"product_cat","embeddable":true,"href":"https:\/\/brownhealthcare.com\/fr\/wp-json\/wp\/v2\/product_cat?post=16751"},{"taxonomy":"product_tag","embeddable":true,"href":"https:\/\/brownhealthcare.com\/fr\/wp-json\/wp\/v2\/product_tag?post=16751"}],"curies":[{"name":"wp","href":"https:\/\/api.w.org\/{rel}","templated":true}]}}