{"id":16735,"date":"2007-09-04T16:21:25","date_gmt":"2007-09-04T20:21:25","guid":{"rendered":"https:\/\/brownhealthcare.flywheelsites.com\/?product=interim-hipsaver"},"modified":"2024-02-07T00:09:21","modified_gmt":"2024-02-07T05:09:21","slug":"interim-hipsaver","status":"publish","type":"product","link":"https:\/\/brownhealthcare.com\/fr\/produit\/interim-hipsaver\/","title":{"rendered":"Int\u00e9rim HipSaver"},"content":{"rendered":"<p>L&#8217;Int\u00e9rim HipSaver est la solution parfaite pour un besoin imm\u00e9diat ou une situation \u00e0 court terme. Parce que l\u2019Int\u00e9rim HipSaver n\u2019est pas un sous-v\u00eatement, il n\u2019a pas besoin d\u2019\u00eatre adapt\u00e9 au patient. En en gardant une petite quantit\u00e9 en stock, vous pourrez offrir une protection continue aux personnes \u00e0 risque d\u2019une chute ou d\u2019une fracture. S\u2019assurer d\u2019avoir l\u2019Int\u00e9rim HipSaver en main pour prot\u00e9ger imm\u00e9diatement les r\u00e9sidents nouvellement admis contre une fracture de la hanche. Dans le cadre de votre programme HipSaver, utilisez l\u2019Int\u00e9rim HipSaver comme solution provisoire en attendant de soumettre votre commande r\u00e9guli\u00e8re pour le nouveau r\u00e9sident \u00e0 risque.<\/p>\n<p>L&#8217;Int\u00e9rim\u00a0HipSaver vous permet de fournir une protection aux patients en court s\u00e9jour ou n\u00e9cessitant des soins de courte dur\u00e9e qui vous seraient confi\u00e9s pendant quelques jours seulement. Les r\u00e9sidents qui subissent un changement soudain ou temporaire de leur condition \u00e0 cause de m\u00e9dicaments ou autres facteurs peuvent \u00eatre prot\u00e9g\u00e9s imm\u00e9diatement avec l\u2019Int\u00e9rim HipSaver alors qu\u2019ils font l\u2019objet d\u2019une \u00e9valuation. Le HipSaver interm\u00e9diaire est faite de la m\u00eame mati\u00e8re que nos SoftSweats et coup\u00e9e \u00e0 une longueur de capri.\u00a0L\u2019Int\u00e9rim HipSaver poss\u00e8de les m\u00eames coussinets protecteurs de hanches HipSaver que des milliers de personnes partout au Canada et dans le monde ont choisi pour le dernier cri en protection de la hanche. Tous les mod\u00e8les HipSaver peuvent \u00eatre lav\u00e9s et s\u00e9ch\u00e9s \u00e0 des temp\u00e9ratures jusqu\u2019\u00e0 250 \u00b0, bien au-dessus des normes \u00e9tablies par les centres de contr\u00f4le des maladies. L\u2019Int\u00e9rim HipSaver est offert en tailles petite, moyenne, grande et tr\u00e8s grande.<\/p>\n<p>Couleurs disponibles: Gris est standard. Marine est disponible par commande sp\u00e9ciale.<\/p>\n","protected":false},"excerpt":{"rendered":"<p>L&#8217;Int\u00e9rim HipSaver est la solution parfaite pour un besoin imm\u00e9diat  [&#8230;]<\/p>\n","protected":false},"featured_media":16728,"template":"","meta":[],"pwb-brand":[],"product_brand":[],"product_cat":[136],"product_tag":[],"class_list":{"0":"post-16735","1":"product","2":"type-product","3":"status-publish","4":"has-post-thumbnail","6":"product_cat-hipsaver-fr","8":"first","9":"instock","10":"taxable","11":"shipping-taxable","12":"product-type-variable"},"brands":[],"_links":{"self":[{"href":"https:\/\/brownhealthcare.com\/fr\/wp-json\/wp\/v2\/product\/16735","targetHints":{"allow":["GET"]}}],"collection":[{"href":"https:\/\/brownhealthcare.com\/fr\/wp-json\/wp\/v2\/product"}],"about":[{"href":"https:\/\/brownhealthcare.com\/fr\/wp-json\/wp\/v2\/types\/product"}],"wp:featuredmedia":[{"embeddable":true,"href":"https:\/\/brownhealthcare.com\/fr\/wp-json\/wp\/v2\/media\/16728"}],"wp:attachment":[{"href":"https:\/\/brownhealthcare.com\/fr\/wp-json\/wp\/v2\/media?parent=16735"}],"wp:term":[{"taxonomy":"pwb-brand","embeddable":true,"href":"https:\/\/brownhealthcare.com\/fr\/wp-json\/wp\/v2\/pwb-brand?post=16735"},{"taxonomy":"product_brand","embeddable":true,"href":"https:\/\/brownhealthcare.com\/fr\/wp-json\/wp\/v2\/product_brand?post=16735"},{"taxonomy":"product_cat","embeddable":true,"href":"https:\/\/brownhealthcare.com\/fr\/wp-json\/wp\/v2\/product_cat?post=16735"},{"taxonomy":"product_tag","embeddable":true,"href":"https:\/\/brownhealthcare.com\/fr\/wp-json\/wp\/v2\/product_tag?post=16735"}],"curies":[{"name":"wp","href":"https:\/\/api.w.org\/{rel}","templated":true}]}}