{"id":16689,"date":"2007-09-04T16:20:25","date_gmt":"2007-09-04T20:20:25","guid":{"rendered":"https:\/\/brownhealthcare.flywheelsites.com\/?product=short-softsweats-hipsaver"},"modified":"2024-02-07T00:09:21","modified_gmt":"2024-02-07T05:09:21","slug":"short-softsweats-hipsaver","status":"publish","type":"product","link":"https:\/\/brownhealthcare.com\/fr\/produit\/short-softsweats-hipsaver\/","title":{"rendered":"Short SoftSweats HipSaver"},"content":{"rendered":"<p>\u00a0Parfait pour hommes et femmes, ce protecteur de hanches tout doux offre la m\u00eame protection \u00e9prouv\u00e9e que nos autres mod\u00e8les mais dans un style confortable et d\u00e9contract\u00e9. Comporte un ourlet ample \u00e0 la cheville \u2013 aucun \u00e9lastique serr\u00e9 \u2013 et est offert\u00a0en six tailles de hanches pour un ajustement parfait. Lavage et s\u00e9chage \u00e0 la machine. Le SoftSweats HipSaver est pr\u00e9r\u00e9tr\u00e9ci pour un bon ajustement.<\/p>\n<p>Maintenant disponible en marine, gris et noir.<\/p>\n","protected":false},"excerpt":{"rendered":"<p>\u00a0Parfait pour hommes et femmes, ce protecteur de hanches tout  [&#8230;]<\/p>\n","protected":false},"featured_media":16652,"template":"","meta":[],"pwb-brand":[],"product_brand":[],"product_cat":[136],"product_tag":[],"class_list":{"0":"post-16689","1":"product","2":"type-product","3":"status-publish","4":"has-post-thumbnail","6":"product_cat-hipsaver-fr","8":"first","9":"instock","10":"taxable","11":"shipping-taxable","12":"product-type-variable","13":"has-default-attributes"},"brands":[],"_links":{"self":[{"href":"https:\/\/brownhealthcare.com\/fr\/wp-json\/wp\/v2\/product\/16689","targetHints":{"allow":["GET"]}}],"collection":[{"href":"https:\/\/brownhealthcare.com\/fr\/wp-json\/wp\/v2\/product"}],"about":[{"href":"https:\/\/brownhealthcare.com\/fr\/wp-json\/wp\/v2\/types\/product"}],"wp:featuredmedia":[{"embeddable":true,"href":"https:\/\/brownhealthcare.com\/fr\/wp-json\/wp\/v2\/media\/16652"}],"wp:attachment":[{"href":"https:\/\/brownhealthcare.com\/fr\/wp-json\/wp\/v2\/media?parent=16689"}],"wp:term":[{"taxonomy":"pwb-brand","embeddable":true,"href":"https:\/\/brownhealthcare.com\/fr\/wp-json\/wp\/v2\/pwb-brand?post=16689"},{"taxonomy":"product_brand","embeddable":true,"href":"https:\/\/brownhealthcare.com\/fr\/wp-json\/wp\/v2\/product_brand?post=16689"},{"taxonomy":"product_cat","embeddable":true,"href":"https:\/\/brownhealthcare.com\/fr\/wp-json\/wp\/v2\/product_cat?post=16689"},{"taxonomy":"product_tag","embeddable":true,"href":"https:\/\/brownhealthcare.com\/fr\/wp-json\/wp\/v2\/product_tag?post=16689"}],"curies":[{"name":"wp","href":"https:\/\/api.w.org\/{rel}","templated":true}]}}