{"id":16505,"date":"2007-09-04T16:19:43","date_gmt":"2007-09-04T16:19:43","guid":{"rendered":"https:\/\/brownhealthcare.flywheelsites.com\/?product=softsweats-hipsaver"},"modified":"2024-07-08T10:58:14","modified_gmt":"2024-07-08T14:58:14","slug":"softsweats-hipsaver","status":"publish","type":"product","link":"https:\/\/brownhealthcare.com\/fr\/produit\/softsweats-hipsaver\/","title":{"rendered":"HipSaver SoftSweats"},"content":{"rendered":"<p>Parfait pour hommes et femmes, ce protecteur de hanches tout doux offre la m\u00eame protection \u00e9prouv\u00e9e que nos autres mod\u00e8les mais dans un style confortable et d\u00e9contract\u00e9. Caract\u00e9ristiques une norme cheville ourlet l\u00e2che.<\/p>\n<p>HipSaver SoftSweats sont disponibles en six tailles hanche et deux longueurs pour un ajustement parfait.<\/p>\n<p>Lavage et s\u00e9chage en machine. Les HipSaver SoftSweats sont pr\u00e9-r\u00e9tr\u00e9cis pour s&#8217;adapter correctement.<\/p>\n<p>Maintenant disponible en marine, gris et noir.<\/p>\n","protected":false},"excerpt":{"rendered":"<p>Parfait pour hommes et femmes, ce protecteur de hanches tout  [&#8230;]<\/p>\n","protected":false},"featured_media":16360,"template":"","meta":[],"pwb-brand":[],"product_brand":[],"product_cat":[136],"product_tag":[],"class_list":{"0":"post-16505","1":"product","2":"type-product","3":"status-publish","4":"has-post-thumbnail","6":"product_cat-hipsaver-fr","8":"first","9":"instock","10":"taxable","11":"shipping-taxable","12":"product-type-variable","13":"has-default-attributes"},"brands":[],"_links":{"self":[{"href":"https:\/\/brownhealthcare.com\/fr\/wp-json\/wp\/v2\/product\/16505","targetHints":{"allow":["GET"]}}],"collection":[{"href":"https:\/\/brownhealthcare.com\/fr\/wp-json\/wp\/v2\/product"}],"about":[{"href":"https:\/\/brownhealthcare.com\/fr\/wp-json\/wp\/v2\/types\/product"}],"wp:featuredmedia":[{"embeddable":true,"href":"https:\/\/brownhealthcare.com\/fr\/wp-json\/wp\/v2\/media\/16360"}],"wp:attachment":[{"href":"https:\/\/brownhealthcare.com\/fr\/wp-json\/wp\/v2\/media?parent=16505"}],"wp:term":[{"taxonomy":"pwb-brand","embeddable":true,"href":"https:\/\/brownhealthcare.com\/fr\/wp-json\/wp\/v2\/pwb-brand?post=16505"},{"taxonomy":"product_brand","embeddable":true,"href":"https:\/\/brownhealthcare.com\/fr\/wp-json\/wp\/v2\/product_brand?post=16505"},{"taxonomy":"product_cat","embeddable":true,"href":"https:\/\/brownhealthcare.com\/fr\/wp-json\/wp\/v2\/product_cat?post=16505"},{"taxonomy":"product_tag","embeddable":true,"href":"https:\/\/brownhealthcare.com\/fr\/wp-json\/wp\/v2\/product_tag?post=16505"}],"curies":[{"name":"wp","href":"https:\/\/api.w.org\/{rel}","templated":true}]}}