{"id":16345,"date":"2007-09-04T16:17:58","date_gmt":"2007-09-04T20:17:58","guid":{"rendered":"https:\/\/brownhealthcare.flywheelsites.com\/?product=ouverture-vers-le-bas-hipsaver"},"modified":"2024-02-07T00:09:22","modified_gmt":"2024-02-07T05:09:22","slug":"ouverture-vers-le-bas-hipsaver","status":"publish","type":"product","link":"https:\/\/brownhealthcare.com\/fr\/produit\/ouverture-vers-le-bas-hipsaver\/","title":{"rendered":"Ouverture vers le bas HipSaver"},"content":{"rendered":"<p>L\u2019Ouverture vers le bas est la nouvelle innovation de HipSaver. Demand\u00e9 par un personnel infirmier qui voyait le besoin d\u2019un v\u00eatement permettant aux r\u00e9sidents d\u2019utiliser les toilettes facilement, l\u2019ouverture \u00e0 la fourche est parfaitement adapt\u00e9e aux r\u00e9sidents souffrant d\u2019incontinence par miction imp\u00e9rieuse ou ayant de la difficult\u00e9 \u00e0 s\u2019habiller et se d\u00e9shabiller. Le mod\u00e8le Ouverture vers le bas HipSaver conserve la discr\u00e9tion des mod\u00e8les SlimFit, ce qui est parfait pour les personnes qui habitent dans une communaut\u00e9, de m\u00eame que celles qui habitent dans des r\u00e9sidences-services.\u00a0<\/p>\n<p>Le pantalon est fait de polycoton confortable et ne contient ni latex ni irritants pour la peau. Les prot\u00e8ge-hanches sont de forme ovale, et mesurent environ 7,5 pouces de longueur sur 6,5 pouces de largeur et \u00bd pouce d\u2019\u00e9paisseur, en d\u00e9croissant jusqu\u2019\u00e0 1\/16 pouce au bord biseaut\u00e9. Ils sont scell\u00e9s \u00e0 la chaleur dans une pochette imperm\u00e9able et r\u00e9sistante aux temp\u00e9ratures \u00e9lev\u00e9es. Les prot\u00e8ge-hanches sont inodores et ne contiennent ni irritant pour la peau ni latex. Contrairement aux protecteurs de hanches avec une enveloppe dure, le HipSaver est si confortable qu\u2019on peut le porter 24 heures sur 24.<\/p>\n","protected":false},"excerpt":{"rendered":"<p>L\u2019Ouverture vers le bas est la nouvelle innovation de HipSaver.  [&#8230;]<\/p>\n","protected":false},"featured_media":16332,"template":"","meta":[],"pwb-brand":[],"product_brand":[],"product_cat":[136],"product_tag":[],"class_list":{"0":"post-16345","1":"product","2":"type-product","3":"status-publish","4":"has-post-thumbnail","6":"product_cat-hipsaver-fr","8":"first","9":"instock","10":"taxable","11":"shipping-taxable","12":"product-type-variable","13":"has-default-attributes"},"brands":[],"_links":{"self":[{"href":"https:\/\/brownhealthcare.com\/fr\/wp-json\/wp\/v2\/product\/16345","targetHints":{"allow":["GET"]}}],"collection":[{"href":"https:\/\/brownhealthcare.com\/fr\/wp-json\/wp\/v2\/product"}],"about":[{"href":"https:\/\/brownhealthcare.com\/fr\/wp-json\/wp\/v2\/types\/product"}],"wp:featuredmedia":[{"embeddable":true,"href":"https:\/\/brownhealthcare.com\/fr\/wp-json\/wp\/v2\/media\/16332"}],"wp:attachment":[{"href":"https:\/\/brownhealthcare.com\/fr\/wp-json\/wp\/v2\/media?parent=16345"}],"wp:term":[{"taxonomy":"pwb-brand","embeddable":true,"href":"https:\/\/brownhealthcare.com\/fr\/wp-json\/wp\/v2\/pwb-brand?post=16345"},{"taxonomy":"product_brand","embeddable":true,"href":"https:\/\/brownhealthcare.com\/fr\/wp-json\/wp\/v2\/product_brand?post=16345"},{"taxonomy":"product_cat","embeddable":true,"href":"https:\/\/brownhealthcare.com\/fr\/wp-json\/wp\/v2\/product_cat?post=16345"},{"taxonomy":"product_tag","embeddable":true,"href":"https:\/\/brownhealthcare.com\/fr\/wp-json\/wp\/v2\/product_tag?post=16345"}],"curies":[{"name":"wp","href":"https:\/\/api.w.org\/{rel}","templated":true}]}}