{"id":16317,"date":"2007-09-04T16:16:27","date_gmt":"2007-09-04T20:16:27","guid":{"rendered":"https:\/\/brownhealthcare.flywheelsites.com\/?product=wrapsnap-hipsaver"},"modified":"2024-02-07T00:09:23","modified_gmt":"2024-02-07T05:09:23","slug":"wrapsnap-hipsaver","status":"publish","type":"product","link":"https:\/\/brownhealthcare.com\/fr\/produit\/wrapsnap-hipsaver\/","title":{"rendered":"Wrap&#038;Snap HipSaver"},"content":{"rendered":"<p>Le Wrap&#038;Snap HipSaver est une autre innovation de HipSaver con\u00e7ue pour r\u00e9pondre \u00e0 la demande du personnel infirmier pour un protecteur de hanches qui est \u00e0 la fois fonctionnel et facile \u00e0 utiliser lorsqu\u2019il faut changer tous les v\u00eatements d\u2019un r\u00e9sident ou parce que cela permet de changer plus facilement les v\u00eatements d\u2019un r\u00e9sident apte \u00e0 perdre l\u2019\u00e9quilibre. Pour changer le v\u00eatement d&#8217;un r\u00e9sident, il s\u2019agit tout simplement d\u2019ouvrir le panneau de la fourche, puis le panneau avant. Les boutons-poussoirs sont renforc\u00e9s car les fournisseurs de soins nous ont dit qu\u2019ils voulaient une op\u00e9ration rapide pouvant s&#8217;effectuer d\u2019une seule main. Le Wrap&#038;Snap HipSaver est fait en tissu de polycoton confortable de jolie couleur caf\u00e9 clair. Les prot\u00e8ge-hanches mesurent \u00bd pouce d\u2019\u00e9paisseur et environ 7\u00bd pouces de circonf\u00e9rence.<\/p>\n","protected":false},"excerpt":{"rendered":"<p>Le Wrap&#038;Snap HipSaver est une autre innovation de HipSaver con\u00e7ue  [&#8230;]<\/p>\n","protected":false},"featured_media":16304,"template":"","meta":[],"pwb-brand":[],"product_brand":[],"product_cat":[136],"product_tag":[],"class_list":{"0":"post-16317","1":"product","2":"type-product","3":"status-publish","4":"has-post-thumbnail","6":"product_cat-hipsaver-fr","8":"first","9":"instock","10":"taxable","11":"shipping-taxable","12":"product-type-variable","13":"has-default-attributes"},"brands":[],"_links":{"self":[{"href":"https:\/\/brownhealthcare.com\/fr\/wp-json\/wp\/v2\/product\/16317","targetHints":{"allow":["GET"]}}],"collection":[{"href":"https:\/\/brownhealthcare.com\/fr\/wp-json\/wp\/v2\/product"}],"about":[{"href":"https:\/\/brownhealthcare.com\/fr\/wp-json\/wp\/v2\/types\/product"}],"wp:featuredmedia":[{"embeddable":true,"href":"https:\/\/brownhealthcare.com\/fr\/wp-json\/wp\/v2\/media\/16304"}],"wp:attachment":[{"href":"https:\/\/brownhealthcare.com\/fr\/wp-json\/wp\/v2\/media?parent=16317"}],"wp:term":[{"taxonomy":"pwb-brand","embeddable":true,"href":"https:\/\/brownhealthcare.com\/fr\/wp-json\/wp\/v2\/pwb-brand?post=16317"},{"taxonomy":"product_brand","embeddable":true,"href":"https:\/\/brownhealthcare.com\/fr\/wp-json\/wp\/v2\/product_brand?post=16317"},{"taxonomy":"product_cat","embeddable":true,"href":"https:\/\/brownhealthcare.com\/fr\/wp-json\/wp\/v2\/product_cat?post=16317"},{"taxonomy":"product_tag","embeddable":true,"href":"https:\/\/brownhealthcare.com\/fr\/wp-json\/wp\/v2\/product_tag?post=16317"}],"curies":[{"name":"wp","href":"https:\/\/api.w.org\/{rel}","templated":true}]}}