{"id":16289,"date":"2007-09-04T16:15:16","date_gmt":"2007-09-04T20:15:16","guid":{"rendered":"https:\/\/brownhealthcare.flywheelsites.com\/?product=changement-rapide-hipsaver"},"modified":"2024-02-07T21:28:53","modified_gmt":"2024-02-08T02:28:53","slug":"changement-rapide-hipsaver","status":"publish","type":"product","link":"https:\/\/brownhealthcare.com\/fr\/produit\/changement-rapide-hipsaver\/","title":{"rendered":"Changement rapide HipSaver"},"content":{"rendered":"<p>Le Changement rapide HipSaver est un v\u00eatement utilitaire con\u00e7u pour les personnes qui habitent dans un \u00e9tablissement de soins de longue ou de courte dur\u00e9e et qui d\u00e9pendent du personnel pour changer leur culotte d\u2019incontinence. Le panneau \u00e0 la fourche qui s\u2019ouvre vers le bas permet au personnel de changer rapidement les produits d\u2019incontinence.<\/p>\n","protected":false},"excerpt":{"rendered":"<p>Le Changement rapide HipSaver est un v\u00eatement utilitaire con\u00e7u pour  [&#8230;]<\/p>\n","protected":false},"featured_media":16276,"template":"","meta":[],"pwb-brand":[],"product_brand":[],"product_cat":[136],"product_tag":[],"class_list":{"0":"post-16289","1":"product","2":"type-product","3":"status-publish","4":"has-post-thumbnail","6":"product_cat-hipsaver-fr","8":"first","9":"instock","10":"taxable","11":"shipping-taxable","12":"product-type-variable","13":"has-default-attributes"},"brands":[],"_links":{"self":[{"href":"https:\/\/brownhealthcare.com\/fr\/wp-json\/wp\/v2\/product\/16289","targetHints":{"allow":["GET"]}}],"collection":[{"href":"https:\/\/brownhealthcare.com\/fr\/wp-json\/wp\/v2\/product"}],"about":[{"href":"https:\/\/brownhealthcare.com\/fr\/wp-json\/wp\/v2\/types\/product"}],"wp:featuredmedia":[{"embeddable":true,"href":"https:\/\/brownhealthcare.com\/fr\/wp-json\/wp\/v2\/media\/16276"}],"wp:attachment":[{"href":"https:\/\/brownhealthcare.com\/fr\/wp-json\/wp\/v2\/media?parent=16289"}],"wp:term":[{"taxonomy":"pwb-brand","embeddable":true,"href":"https:\/\/brownhealthcare.com\/fr\/wp-json\/wp\/v2\/pwb-brand?post=16289"},{"taxonomy":"product_brand","embeddable":true,"href":"https:\/\/brownhealthcare.com\/fr\/wp-json\/wp\/v2\/product_brand?post=16289"},{"taxonomy":"product_cat","embeddable":true,"href":"https:\/\/brownhealthcare.com\/fr\/wp-json\/wp\/v2\/product_cat?post=16289"},{"taxonomy":"product_tag","embeddable":true,"href":"https:\/\/brownhealthcare.com\/fr\/wp-json\/wp\/v2\/product_tag?post=16289"}],"curies":[{"name":"wp","href":"https:\/\/api.w.org\/{rel}","templated":true}]}}