{"id":16225,"date":"2007-09-04T16:11:29","date_gmt":"2007-09-04T20:11:29","guid":{"rendered":"https:\/\/brownhealthcare.flywheelsites.com\/?product=maison-de-soins-infirmiers-hipsaver"},"modified":"2024-02-07T21:51:39","modified_gmt":"2024-02-08T02:51:39","slug":"maison-de-soins-infirmiers-hipsaver","status":"publish","type":"product","link":"https:\/\/brownhealthcare.com\/fr\/produit\/maison-de-soins-infirmiers-hipsaver\/","title":{"rendered":"Maison de soins infirmiers HipSaver"},"content":{"rendered":"<p>Le Maison de soins infirmiers HipSaver est un v\u00eatement utilitaire con\u00e7u pour les personnes qui habitent dans un \u00e9tablissement de soins de longue dur\u00e9e ou de soins \u00e0 domicile. L\u2019ouverture ample de la jambe du pantalon assure le confort lorsqu\u2019on le porte par-dessus une culotte d\u2019incontinence. Le pantalon est fait de tissu en polycoton confortable, de jolie couleur caf\u00e9 clair et ne contient ni latex ni irritants pour la peau. Les prot\u00e8ge-hanches tout doux mesurent \u00bd pouce d\u2019\u00e9paisseur et environ 7 pouces sur 7 pouces. Ils sont scell\u00e9s \u00e0 la chaleur dans une pochette imperm\u00e9able et r\u00e9sistante aux temp\u00e9ratures \u00e9lev\u00e9es. Les prot\u00e8ge-hanches sont inodores et ne contiennent ni irritants pour la peau ni latex. Contrairement aux protecteurs de hanches avec une enveloppe dure, le HipSaver est si confortable qu\u2019on peut le porter 24 heures sur 24.<\/p>\n","protected":false},"excerpt":{"rendered":"<p>Le Maison de soins infirmiers HipSaver est un v\u00eatement utilitaire  [&#8230;]<\/p>\n","protected":false},"featured_media":16176,"template":"","meta":[],"pwb-brand":[],"product_brand":[],"product_cat":[136],"product_tag":[],"class_list":{"0":"post-16225","1":"product","2":"type-product","3":"status-publish","4":"has-post-thumbnail","6":"product_cat-hipsaver-fr","8":"first","9":"instock","10":"taxable","11":"shipping-taxable","12":"product-type-variable","13":"has-default-attributes"},"brands":[],"_links":{"self":[{"href":"https:\/\/brownhealthcare.com\/fr\/wp-json\/wp\/v2\/product\/16225","targetHints":{"allow":["GET"]}}],"collection":[{"href":"https:\/\/brownhealthcare.com\/fr\/wp-json\/wp\/v2\/product"}],"about":[{"href":"https:\/\/brownhealthcare.com\/fr\/wp-json\/wp\/v2\/types\/product"}],"wp:featuredmedia":[{"embeddable":true,"href":"https:\/\/brownhealthcare.com\/fr\/wp-json\/wp\/v2\/media\/16176"}],"wp:attachment":[{"href":"https:\/\/brownhealthcare.com\/fr\/wp-json\/wp\/v2\/media?parent=16225"}],"wp:term":[{"taxonomy":"pwb-brand","embeddable":true,"href":"https:\/\/brownhealthcare.com\/fr\/wp-json\/wp\/v2\/pwb-brand?post=16225"},{"taxonomy":"product_brand","embeddable":true,"href":"https:\/\/brownhealthcare.com\/fr\/wp-json\/wp\/v2\/product_brand?post=16225"},{"taxonomy":"product_cat","embeddable":true,"href":"https:\/\/brownhealthcare.com\/fr\/wp-json\/wp\/v2\/product_cat?post=16225"},{"taxonomy":"product_tag","embeddable":true,"href":"https:\/\/brownhealthcare.com\/fr\/wp-json\/wp\/v2\/product_tag?post=16225"}],"curies":[{"name":"wp","href":"https:\/\/api.w.org\/{rel}","templated":true}]}}