{"id":16125,"date":"2007-09-04T15:22:01","date_gmt":"2007-09-04T19:22:01","guid":{"rendered":"https:\/\/brownhealthcare.flywheelsites.com\/?product=slimfit-hipsaver"},"modified":"2024-02-07T00:09:23","modified_gmt":"2024-02-07T05:09:23","slug":"slimfit-hipsaver","status":"publish","type":"product","link":"https:\/\/brownhealthcare.com\/fr\/produit\/slimfit-hipsaver\/","title":{"rendered":"SlimFit HipSaver"},"content":{"rendered":"<p>Le SlimFit HipSaver est un v\u00eatement \u00e0 la mode con\u00e7u pour les personnes qui vivent de fa\u00e7on autonome dans la communaut\u00e9. Il est si discret que personne ne saura qu\u2019on le porte sous la plupart des v\u00eatements. Le pantalon est fait de tissu en polycoton confortable, de jolie couleur caf\u00e9 clair, et il ne contient pas de latex ni d\u2019irritants pour la peau. Le mod\u00e8le SlimFit s\u2019accommode ais\u00e9ment des doublures d\u2019incontinence. Les prot\u00e8ge-hanches sont de forme ovale, et mesurent environ 7,5 pouces de longueur sur 6,5 pouces de largeur et \u00bd pouce d\u2019\u00e9paisseur, en d\u00e9croissant jusqu\u2019\u00e0 1\/16 pouce au bord biseaut\u00e9. Ils sont scell\u00e9s \u00e0 la chaleur dans une pochette imperm\u00e9able et r\u00e9sistante aux temp\u00e9ratures \u00e9lev\u00e9es. Les prot\u00e8ge-hanches sont inodores et ne contiennent ni irritant pour la peau ni latex. Le HipSaver est si confortable qu\u2019on peut le porter 24 heures sur 24.<\/p>\n","protected":false},"excerpt":{"rendered":"<p>Le SlimFit HipSaver est un v\u00eatement \u00e0 la mode con\u00e7u  [&#8230;]<\/p>\n","protected":false},"featured_media":16076,"template":"","meta":[],"pwb-brand":[],"product_brand":[],"product_cat":[136],"product_tag":[],"class_list":{"0":"post-16125","1":"product","2":"type-product","3":"status-publish","4":"has-post-thumbnail","6":"product_cat-hipsaver-fr","8":"first","9":"instock","10":"taxable","11":"shipping-taxable","12":"product-type-variable","13":"has-default-attributes"},"brands":[],"_links":{"self":[{"href":"https:\/\/brownhealthcare.com\/fr\/wp-json\/wp\/v2\/product\/16125","targetHints":{"allow":["GET"]}}],"collection":[{"href":"https:\/\/brownhealthcare.com\/fr\/wp-json\/wp\/v2\/product"}],"about":[{"href":"https:\/\/brownhealthcare.com\/fr\/wp-json\/wp\/v2\/types\/product"}],"wp:featuredmedia":[{"embeddable":true,"href":"https:\/\/brownhealthcare.com\/fr\/wp-json\/wp\/v2\/media\/16076"}],"wp:attachment":[{"href":"https:\/\/brownhealthcare.com\/fr\/wp-json\/wp\/v2\/media?parent=16125"}],"wp:term":[{"taxonomy":"pwb-brand","embeddable":true,"href":"https:\/\/brownhealthcare.com\/fr\/wp-json\/wp\/v2\/pwb-brand?post=16125"},{"taxonomy":"product_brand","embeddable":true,"href":"https:\/\/brownhealthcare.com\/fr\/wp-json\/wp\/v2\/product_brand?post=16125"},{"taxonomy":"product_cat","embeddable":true,"href":"https:\/\/brownhealthcare.com\/fr\/wp-json\/wp\/v2\/product_cat?post=16125"},{"taxonomy":"product_tag","embeddable":true,"href":"https:\/\/brownhealthcare.com\/fr\/wp-json\/wp\/v2\/product_tag?post=16125"}],"curies":[{"name":"wp","href":"https:\/\/api.w.org\/{rel}","templated":true}]}}