{"id":18201,"date":"2024-01-19T17:48:08","date_gmt":"2024-01-19T22:48:08","guid":{"rendered":"https:\/\/brownhealthcare.flywheelsites.com\/?page_id=18201"},"modified":"2024-02-04T14:38:14","modified_gmt":"2024-02-04T19:38:14","slug":"hipsaver-validation-et-essai","status":"publish","type":"page","link":"https:\/\/brownhealthcare.com\/fr\/hipsaver-validation-et-essai\/","title":{"rendered":"Hipsaver Validation et essai"},"content":{"rendered":"<p><strong>NOTE : Tous les articles sont en anglais seulement.<\/strong><\/p>\n<h3>Octobre 2019<\/h3>\n<p>Efficacit\u00e9 des protecteurs de hanche pour r\u00e9duire les risques de fracture de la hanche caus\u00e9e par une chute dans les soins de longue dur\u00e9e<\/p>\n<p>Une nouvelle \u00e9tude clinique utilisant les protecteurs de hanche HipSaver avec une autre marque a r\u00e9v\u00e9l\u00e9 que le port de prot\u00e8ge-hanches dans un environnement de soins de longue dur\u00e9e r\u00e9duit de trois fois le risque de fracture de la hanche. Cela constitue un excellent argument pour l&#8217;\u00e9laboration de strat\u00e9gies visant \u00e0 maximiser l&#8217;engagement des r\u00e9sidents et du personnel \u00e0 utiliser les protecteurs de hanche HipSaver dans le cadre d&#8217;un programme de pr\u00e9vention des chutes et des blessures.<\/p>\n<p><a href=\"https:\/\/www.jamda.com\/article\/S1525-8610(19)30562-6\/fulltext\" target=\"_blank\" rel=\"noopener\">Cliquez ici pour lire le r\u00e9sum\u00e9 tel que publi\u00e9 dans JAMDA<\/a>.<\/p>\n<h3>Septembre 2015<\/h3>\n<p>Nouveau Chutes et blessures Recommandations Ost\u00e9oporose Canada<\/p>\n<p>Le port du protecteur de hanche sont inclus dans la liste des recommandations publi\u00e9es cette semaine et publi\u00e9s dans le Journal de l&#8217;Association m\u00e9dicale canadienne .<\/p>\n<p><a href=\"http:\/\/www.ncbi.nlm.nih.gov\/pmc\/articles\/PMC2988535\/\" target=\"_blank\" rel=\"noopener noreferrer\">Cliquez ici pour lire l&#8217;article du JAMC<\/a>\u00a0et\u00a0<a href=\"http:\/\/canadaam.ctvnews.ca\/video?clipId=704346&amp;playlistId=1.2563774&amp;binId=1.815911&amp;playlistPageNum=1&amp;binPageNum=1\" target=\"_blank\" rel=\"noopener noreferrer\">cliquez ici pour visionner une entrevue avec Marla Shapiro Canada AM<\/a>.<\/p>\n<h3>ao\u00fbt 2000<\/h3>\n<p>Essai biom\u00e9canique de HipSaver<\/p>\n<p>En 1996, on a test\u00e9 les prot\u00e8ge-hanches HipSaver dans le laboratoire affili\u00e9 \u00e0 Harvard, et on a d\u00e9termin\u00e9 qu&#8217;ils am\u00e9liorent de 10 % l&#8217;att\u00e9nuation de l&#8217;impact par rapport \u00e0 SafeHip.<\/p>\n<p><a href=\"https:\/\/brownhealthcare.com\/wp-content\/uploads\/2024\/01\/HipSaver_Biomechanical_Test.pdf\" target=\"_blank\" rel=\"noopener noreferrer\">Visualiser le document<\/a>\u00a0[PDF, 193ko]<\/p>\n<h3>Octobre 2000<\/h3>\n<p>\u00c9tude clinique sur HipSaver<\/p>\n<p>L\u2019\u00e9tude se penche sur les r\u00e9sultats d\u2019un programme de l\u2019Elder Service Plan of East Boston faisant appel au HipSaver pour des patients ayant des ant\u00e9c\u00e9dents de chutes fr\u00e9quentes afin d\u2019absorber et dissiper l\u2019\u00e9nergie transmise lors d\u2019une chute et ainsi pr\u00e9venir une fracture de la hanche.<\/p>\n<p><a href=\"https:\/\/brownhealthcare.com\/wp-content\/uploads\/2024\/02\/HipSaver_Clinical_Testing_Boston.pdf\" target=\"_blank\" rel=\"noopener noreferrer\">Visualiser le document<\/a>\u00a0[PDF, 103ko]<\/p>\n<h3>F\u00e9vrier 2002<\/h3>\n<p>\u00c9tude sur la conformit\u00e9 de Hip Protector<\/p>\n<p>On a utilis\u00e9 le protecteur de hanches HipSaver dans cet essai.<\/p>\n<p><a href=\"https:\/\/brownhealthcare.com\/wp-content\/uploads\/2024\/01\/HipSaver_Compliance_Study.pdf\" target=\"_blank\" rel=\"noopener noreferrer\">Visualiser le document<\/a>\u00a0[PDF, 55ko]<\/p>\n<h3>Novembre 2000<\/h3>\n<p>Canadian Family Physician<\/p>\n<p>Un prot\u00e8ge-hanches pr\u00e9vient-il les fractures de la hanche?<\/p>\n<p><a href=\"https:\/\/brownhealthcare.com\/wp-content\/uploads\/2024\/01\/cfp_2000.pdf\" target=\"_blank\" rel=\"noopener noreferrer\">Visualiser le document\u00a0<\/a>[PDF, 132ko]<\/p>\n<h3>Novembre 2000<\/h3>\n<p>\u00c9ditorial \u2013 New England Journal of Medicine<\/p>\n<p>Perc\u00e9e en pr\u00e9vention des fractures : Les protecteurs de hanches<\/p>\n<p><a href=\"https:\/\/brownhealthcare.com\/wp-content\/uploads\/2024\/01\/TNEJ_9486D.pdf\" target=\"_blank\" rel=\"noopener noreferrer\">Visualiser le document\u00a0<\/a>[PDF, 75ko]<\/p>\n<h3>November 2000<\/h3>\n<p>New England Journal of Medicine<\/p>\n<p>Pr\u00e9vention des fractures de la hanche chez les personnes \u00e2g\u00e9es gr\u00e2ce \u00e0 l\u2019utilisation d\u2019un protecteur de hanches<\/p>\n<p><a href=\"https:\/\/brownhealthcare.com\/wp-content\/uploads\/2024\/01\/TNEJ_9486C.pdf\" target=\"_blank\" rel=\"noopener noreferrer\">Visualiser le document\u00a0<\/a>[PDF, 117ko]<\/p>\n","protected":false},"excerpt":{"rendered":"<p>NOTE : Tous les articles sont en anglais seulement. Octobre  [&#8230;]<\/p>\n","protected":false},"author":1,"featured_media":0,"parent":0,"menu_order":0,"comment_status":"closed","ping_status":"closed","template":"100-width.php","meta":{"footnotes":""},"class_list":["post-18201","page","type-page","status-publish","hentry"],"_links":{"self":[{"href":"https:\/\/brownhealthcare.com\/fr\/wp-json\/wp\/v2\/pages\/18201","targetHints":{"allow":["GET"]}}],"collection":[{"href":"https:\/\/brownhealthcare.com\/fr\/wp-json\/wp\/v2\/pages"}],"about":[{"href":"https:\/\/brownhealthcare.com\/fr\/wp-json\/wp\/v2\/types\/page"}],"author":[{"embeddable":true,"href":"https:\/\/brownhealthcare.com\/fr\/wp-json\/wp\/v2\/users\/1"}],"replies":[{"embeddable":true,"href":"https:\/\/brownhealthcare.com\/fr\/wp-json\/wp\/v2\/comments?post=18201"}],"version-history":[{"count":0,"href":"https:\/\/brownhealthcare.com\/fr\/wp-json\/wp\/v2\/pages\/18201\/revisions"}],"wp:attachment":[{"href":"https:\/\/brownhealthcare.com\/fr\/wp-json\/wp\/v2\/media?parent=18201"}],"curies":[{"name":"wp","href":"https:\/\/api.w.org\/{rel}","templated":true}]}}