{"id":17601,"date":"2024-01-06T19:28:31","date_gmt":"2024-01-07T00:28:31","guid":{"rendered":"https:\/\/brownhealthcare.flywheelsites.com\/?page_id=17601"},"modified":"2024-02-09T22:37:18","modified_gmt":"2024-02-10T03:37:18","slug":"terms-and-conditions","status":"publish","type":"page","link":"https:\/\/brownhealthcare.com\/fr\/terms-and-conditions\/","title":{"rendered":"Termes et conditions"},"content":{"rendered":"<div class=\"contentTextLeft\">\n<h2>Modalit\u00e9s d\u2019utilisation<\/h2>\n<p>Bienvenue au site Web de Brown Heathcare (le \u00ab site \u00bb). Veuillez examiner les conditions de base suivantes qui r\u00e9gissent les modalit\u00e9s d\u2019utilisation et d\u2019achat de produits de notre site. Veuillez noter que le fait d\u2019utiliser notre site signifie que vous acceptez de respecter les modalit\u00e9s d\u2019utilisation de notre site et d\u2019\u00eatre li\u00e9 par celles-ci (l\u2019\u00ab entente \u00bb).<\/p>\n<h2>G\u00c9N\u00c9RALIT\u00c9S<\/h2>\n<p>Il peut nous arriver, \u00e0 l\u2019occasion, de modifier les modalit\u00e9s r\u00e9gissant votre utilisation de notre site. Le fait d\u2019utiliser notre site apr\u00e8s une telle modification signifie que vous acceptez de respecter les modalit\u00e9s telles que modifi\u00e9es et d\u2019\u00eatre li\u00e9 par celles-ci.<\/p>\n<p>Nous pourrions, de temps en temps, modifier, d\u00e9placer, supprimer ou ajouter des sections de notre site.<br \/>\nHipSaver Canada, DermaSaver Canada, HeadSaver Canada et Brown Healthcare sont des divisions de 2112218 Ontario Inc et les noms peuvent \u00eatre utilis\u00e9s de fa\u00e7on interchangeable et les conditions s\\&#8217;appliquant \u00e0 une division s\\&#8217;appliquent \u00e0 toutes les divisions.<\/p>\n<h2>CONTENU DU SITE<\/h2>\n<p>\u00c0 moins d\u2019avis contraire, toute documentation, y compris les images, illustrations, conceptions, ic\u00f4nes, photographies, vid\u00e9oclips et autres \u00e9l\u00e9ments \u00e9crits ou autres faisant partie de ce site (collectivement, le \u00ab contenu \u00bb) sont des droits d\u2019auteur, marques de commerce, emballages et\/ou autres propri\u00e9t\u00e9s intellectuelles appartenant, \u00e9tant contr\u00f4l\u00e9s ou autoris\u00e9s par 2112218 Ontario Inc. collectivement, et ses filiales et\/ou affili\u00e9s (\u00ab HipSaver\/HipSaver Canada \u00bb). Le site en entier est prot\u00e9g\u00e9 en vertu du droit d\u2019auteur et de l\u2019emballage commercial, tous les droits, titres et int\u00e9r\u00eats mondiaux relevant de 2112218 Ontario Inc. et\/ou The HipSaver Company Inc. HIPSAVER, HIPSAVER Canada, DERMASAVER Canada, BROWN HEALTHCARE et toute autre marque de commerce HIPSAVER\/HIPSAVER CANADA apparaissant sur ce site sont des marques de commerce de 2112218 Ontario Inc. et\/ou The HipSaver Company Inc.<\/p>\n<p>Le contenu de notre site, et le site en entier, sont destin\u00e9s uniquement \u00e0 un usage personnel, non commercial (autre que pour l\u2019achat de marchandises de notre site) de la part des utilisateurs de notre site. Vous pouvez t\u00e9l\u00e9charger ou copier le contenu et autres \u00e9l\u00e9ments t\u00e9l\u00e9chargeables affich\u00e9s sur le site pour votre usage personnel seulement. Aucun droit, titre ou int\u00e9r\u00eat relevant des \u00e9l\u00e9ments ou logiciels t\u00e9l\u00e9chargeables ne vous est transf\u00e9r\u00e9 du fait qu\u2019ils sont t\u00e9l\u00e9charg\u00e9s ou copi\u00e9s. Vous n\u2019avez pas le droit de reproduire (sauf tel que not\u00e9 ci-dessus), publier, transmettre, distribuer, afficher, modifier, transformer en \u0153uvre d\u00e9riv\u00e9e, vendre directement ou par participation, ni exploiter de quelque fa\u00e7on que ce soit, en tout ou en partie, aucun \u00e9l\u00e9ment du contenu, du site ni d\u2019aucun logiciel connexe.<\/p>\n<h2>COMMENTAIRES, R\u00c9ACTIONS, CARTES POSTALES ET AUTRES SOUMISSIONS DES UTILISATEURS<\/h2>\n<p>Tous les commentaires, r\u00e9actions, cartes postales, suggestions, id\u00e9es et autres soumissions divulgu\u00e9s, soumis ou offerts \u00e0 HipSaver Canada dans le cadre de ce site ou divulgu\u00e9s, soumis ou offerts autrement, en conjonction avec votre utilisation de ce site (collectivement, les \u00ab commentaires \u00bb) sont et demeurent la propri\u00e9t\u00e9 de HipSaver Canada. Une telle divulgation, soumission ou offre d\u2019un commentaire quel qu\u2019il soit constitue une remise \u00e0 HipSaver Canada de tous les droits, titres et int\u00e9r\u00eats mondiaux relevant de toute propri\u00e9t\u00e9 intellectuelle relative aux commentaires. Ainsi, HipSaver Canada est le propri\u00e9taire exclusif de tous ces droits, titres et int\u00e9r\u00eats et n\u2019est aucunement limit\u00e9 quant \u00e0 son utilisation, commerciale ou autre, de tout commentaire. HipSaver Canada n\u2019est aucunement tenu (1) de maintenir la confidentialit\u00e9 des commentaires; (2) de remettre \u00e0 l\u2019utilisateur une compensation pour un commentaire; ou (3) de r\u00e9pondre \u00e0 aucun commentaire des utilisateurs.<\/p>\n<p>Vous acceptez qu\u2019aucun commentaire soumis par vous au site ne violera les droits d\u2019une tierce partie, y compris le droit d\u2019auteur, la marque de commerce, la vie priv\u00e9e ou autre droit personnel ou de propri\u00e9t\u00e9. De plus, vous acceptez qu\u2019aucun commentaire soumis par vous au site ne sera ni ne contiendra aucun \u00e9l\u00e9ment diffamatoire ou autrement illicite, abusif ou obsc\u00e8ne. Vous \u00eates et demeurez enti\u00e8rement responsable du contenu de tous les commentaires que vous formulez.<\/p>\n<p>Vous acceptez que Brown Healthcare utilise et\/ou divulgue de l\u2019information sur vos donn\u00e9es d\u00e9mographiques et l\u2019utilisation du site par tout moyen qui ne r\u00e9v\u00e8le pas votre identit\u00e9. En participant \u00e0 des tirages, concours, promotions et\/ou demandes d\u2019information sur le site ou mises \u00e0 niveau de produits, vous acceptez que Brown Healthcare utilise votre information \u00e0 des fins commerciales ou publicitaires.<\/p>\n<h2>COMMUNICATIONS ENTRE HIPSAVER CANADA ET VOUS<\/h2>\n<p>Vous acceptez que Brown Healthcare vous envoie des courriels afin de vous aviser de changements ou d\u2019ajouts \u00e0 ce site, concernant des produits ou services Brown Healthcare, ou pour toute autre raison jug\u00e9e appropri\u00e9e par Brown Healthcare.<\/p>\n<h2>RENSEIGNEMENTS SUR LE PRODUIT<\/h2>\n<p>M\u00eame si HipSaver a atteint des r\u00e9sultats excellents et impressionnants, aucun produit ne peut pr\u00e9tendre \u00eatre enti\u00e8rement efficace en tout temps. Par cons\u00e9quent, HipSaver, Inc. et 2112218 Ontario Inc. ne pr\u00e9sentent aucune garantie explicite ou implicite que leur produit emp\u00eachera les blessures.<\/p>\n<p>Bien que HeadSaver puisse obtenir des r\u00e9sultats excellents et impressionnants, aucun produit ne peut pr\u00e9tendre \u00eatre efficace \u00e0 100% tout le temps. HeadSaver n\\&#8217;est pas garanti pour fonctionner dans chaque instance individuelle. HeadSaver ne convient pas pour \u00eatre utilis\u00e9 comme prot\u00e8ge-t\u00eate dans un environnement industriel ou de construction ni pour des activit\u00e9s sportives. Le HeadSaver n\\&#8217;est pas con\u00e7u pour prot\u00e9ger la t\u00eate des objets tombants. Par cons\u00e9quent, HealthSaver Pty Ltd et HeadSaver et 2112218 Ontario Inc et HeadSaver Canada n\\&#8217;assument aucune garantie implicite ou expresse que leurs produits emp\u00eacheront les blessures.<\/p>\n<p>Les produits HipSaver et DermaSaver sont offerts exclusivement au Canada par l\u2019entremise de HipSaver Canada \/ DermaSaver Canada. Nous ne vendons pas les produits HipSaver \u00e0 l\u2019ext\u00e9rieur du Canada, cependant nous serons heureux de r\u00e9f\u00e9rer les clients internationaux \u00e0 leur d\u00e9taillant local. Les prix affich\u00e9s sur le site sont en dollars canadiens et ne sont valides et en vigueur qu\u2019au Canada.<\/p>\n<h2>COULEURS<\/h2>\n<p>Nous avons fait tous les efforts possibles pour afficher fid\u00e8lement les couleurs de nos produits apparaissant sur le site. Cependant, puisque les couleurs r\u00e9elles que vous voyez \u00e0 l\u2019\u00e9cran d\u00e9pendent de votre moniteur, nous ne pouvons pas garantir l\u2019exactitude de la couleur \u00e0 l\u2019\u00e9cran.<\/p>\n<h2>LIENS VERS D\u2019AUTRES SITES WEB ET SERVICES<\/h2>\n<p>Dans la mesure o\u00f9 ce site comporte des liens vers des services et ressources externes, dont la disponibilit\u00e9 et le contenu ne sont pas contr\u00f4l\u00e9s par Brown Healthcare, toute pr\u00e9occupation concernant un tel service ou une telle ressource, ou tout lien correspondant, doit \u00eatre dirig\u00e9e vers le service ou la ressource externe en question.<\/p>\n<h2>AVIS DE NON-RESPONSABILIT\u00c9<\/h2>\n<p>CE SITE ET TOUT LE CONTENU DU SITE SONT FOURNIS \u00ab TEL QUEL \u00bb SANS AUCUNE GARANTIE, EXPLICITE OU IMPLICITE, Y COMPRIS ET SANS SE LIMITER \u00c0 DES GARANTIES DE TITRE OU DES GARANTIES IMPLICITES DE QUALIT\u00c9 MARCHANDE OU UTILIT\u00c9 POUR UNE FIN PARTICULI\u00c8RE. VOUS RECONNAISSEZ, PAR VOTRE UTILISATION DU SITE, QUE CELA EST \u00c0 VOTRE PROPRE RISQUE, QUE VOUS ASSUMEZ L\u2019ENTI\u00c8RE RESPONSABILIT\u00c9 POUR TOUS LES CO\u00dbTS ASSOCI\u00c9S AUX SERVICES OU R\u00c9PARATIONS N\u00c9CESSAIRES DE TOUT \u00c9QUIPEMENT QUE VOUS UTILISEZ EN CONJONCTION AVEC VOTRE UTILISATION DE NOTRE SITE, ET QUE 2112218 ONTARIO INC NE SERA TENUE RESPONSABLE D\u2019AUCUN DOMMAGE D\u00c9COULANT DE VOTRE UTILISATION DE CE SITE.<\/p>\n<h2>INEXACTITUDES DE L\u2019AVIS DE NON-RESPONSABILIT\u00c9<\/h2>\n<p>Il peut parfois y avoir des informations sur brownhealthcare.com qui comportent des erreurs typographiques, des inexactitudes ou des omissions pouvant se rapporter aux descriptions, aux prix et \u00e0 la disponibilit\u00e9 des produits. Nous assumons le droit de corriger toute erreur, inexactitude ou omission et de modifier ou mettre \u00e0 jour les informations en tout temps sans avis pr\u00e9alable (m\u00eame apr\u00e8s que votre commande a \u00e9t\u00e9 soumise). Nous nous excusons de tout inconv\u00e9nient que cela pourrait vous causer.<\/p>\n<h2>INDEMNISATION<\/h2>\n<p>Vous acceptez de d\u00e9fendre, indemniser et tenir 2112218 Ontario Inc et toutes ses divisions \u00e0 couvert de toute r\u00e9clamation, tout dommage, tout co\u00fbt et toute d\u00e9pense, y compris les frais d\u2019avocat, d\u00e9coulant ou se rapportant \u00e0 votre utilisation du site.<\/p>\n<h2>R\u00c9SILIATION<\/h2>\n<p>La pr\u00e9sente entente est en vigueur tant et aussi longtemps que vous ou 2112218 Ontario Inc n\u2019y aurez pas mis fin. Vous pouvez mettre fin \u00e0 la pr\u00e9sente entente en tout temps. 2112218 Ontairo Inc peut \u00e9galement mettre fin \u00e0 la pr\u00e9sente entente en tout temps et peut le faire imm\u00e9diatement sans avis, et ainsi vous emp\u00eacher d\u2019avoir acc\u00e8s au site, si \u00e0 la seule discr\u00e9tion de 2112218 Ontario Inc vous ne vous conformez pas aux conditions ou stipulations de la pr\u00e9sente entente. En cas de r\u00e9siliation de la pr\u00e9sente entente par vous ou par 2112218 Ontario Inc, vous devez d\u00e9truire promptement toute documentation t\u00e9l\u00e9charg\u00e9e ou obtenue de ce site par tout autre moyen, de m\u00eame que toute copie de ce genre de documentation, que cela ait eu lieu dans le cadre de la pr\u00e9sente entente ou autrement.<\/p>\n<h2>PAIEMENT ET FACTURATION<\/h2>\n<p>Modalit\u00e9s de paiement<\/p>\n<p>Brown Healthcare accepte les cartes de cr\u00e9dit suivantes :<\/p>\n<ul>\n<li>Visa<\/li>\n<li>MasterCard<\/li>\n<\/ul>\n<p>Si nous ne pouvons pas traiter votre carte de cr\u00e9dit, veuillez vous assurer que vous avez inscrit le bon num\u00e9ro de carte de cr\u00e9dit et la date d\u2019\u00e9ch\u00e9ance exacte, et que le nom et l\u2019adresse de facturation inscrits concordent exactement avec ceux qui figurent sur votre relev\u00e9 de carte de cr\u00e9dit. Veuillez vous adresser \u00e0 votre compagnie \u00e9mettrice de carte de cr\u00e9dit si le probl\u00e8me persiste.<\/p>\n<p>Les institutions peuvent choisir de soumettre leurs commandes \u00e0 l\u2019aide d\u2019un num\u00e9ro de bon de commande ou compte en fiducie institutionnel. Pour ces cas, \u00ab Vendu \u00e0 \u00bb sera l\u2019institution. Nos modalit\u00e9s de paiement lorsqu\u2019on utilise des bons de commande sont net dans les 30 jours avec int\u00e9r\u00eats annuels de 24 % per\u00e7us sur les factures impay\u00e9es apr\u00e8s plus de 30 jours.<\/p>\n<p>Les prix sont affich\u00e9s en dollars canadiens.<\/p>\n<h2>COMPTES EN SOUFFRANCE<\/h2>\n<p>Nous nous r\u00e9servons le droit de retenir les exp\u00e9ditions de clients dont les factures sont impay\u00e9es ou d\u2019ajouter des frais de service aux commandes subs\u00e9quentes. Les comptes en souffrance sont soumis \u00e0 Dixon Commercial Investigators (1982) Inc. pour fins de recouvrement.<\/p>\n<h2>LOI APPLICABLE ET JURIDICTION<\/h2>\n<p>Le site (sauf les sites accessibles par hyperlien) est contr\u00f4l\u00e9 par 2112218 Ontario Inc. \u00e0 m\u00eame ses bureaux dans la Province d\u2019Ontario, Canada. On peut acc\u00e9der au site \u00e0 partir de toutes les provinces et de tous les territoires canadiens, ainsi que de tous les autres pays du monde. \u00c9tant donn\u00e9 que chacune de ces entit\u00e9s poss\u00e8de des lois qui peuvent diff\u00e9rer de celles de la Province d\u2019Ontario, en acc\u00e9dant au site, l\u2019utilisateur accepte que tous les \u00e9l\u00e9ments concernant l\u2019acc\u00e8s ou l\u2019utilisation du site, ou tout autre site accessible par hyperlien, seront r\u00e9gis par les lois de la Province d\u2019Ontario et les lois f\u00e9d\u00e9rales canadiennes applicables. L\u2019utilisateur accepte aussi et par la pr\u00e9sente se soumet \u00e0 la juridiction personnelle exclusive des tribunaux de la Province d\u2019Ontario et reconna\u00eet que l\u2019utilisateur le fait volontairement et doit se conformer aux lois locales.<\/p>\n<p>LES INFORMATIONS SUR LES PRIX ET LA DISPONIBILIT\u00c9 PEUVENT \u00caTRE MODIFI\u00c9ES SANS PR\u00c9AVIS.<\/p>\n<h2>S\u00c9CURIT\u00c9 ET PROTECTION DES CARTES DE CR\u00c9DIT<\/h2>\n<p>Si vous ne vous sentez pas tout \u00e0 fait \u00e0 l\u2019aise de magasiner en ligne ou si vous pr\u00e9f\u00e9rez faire votre achat par t\u00e9l\u00e9phone, il s\u2019agit tout simplement de nous appeler au 1-877-771-0977. Nos repr\u00e9sentants du service \u00e0 la client\u00e8le se feront un plaisir de recevoir votre commande par t\u00e9l\u00e9phone.<\/p>\n<p>S\u00e9curit\u00e9 et protection des cartes de cr\u00e9dit<\/p>\n<p>La protection de la s\u00e9curit\u00e9 de votre fiche de carte de cr\u00e9dit nous est importante.<\/p>\n<p>Nous utilisons la technologie Secure Sockets Layer (SSL) pour prot\u00e9ger la s\u00e9curit\u00e9 de votre fiche de carte de cr\u00e9dit lorsqu\u2019elle nous est transmise.<\/p>\n<p>Le protocole SSL est la norme par excellence en technologie de chiffrement sur Internet, ce qui est une fa\u00e7on \u00e9l\u00e9gante de dire qu\u2019il s\u2019agit d\u2019une m\u00e9thode de brouillage tr\u00e8s sophistiqu\u00e9e des donn\u00e9es achemin\u00e9es de votre ordinateur aux serveurs de notre site.<\/p>\n<p>En g\u00e9n\u00e9ral, peu importe si vous faites vos achats en ligne ou dans un magasin r\u00e9put\u00e9, les achats par carte de cr\u00e9dit sont prot\u00e9g\u00e9s contre la fraude par la loi, et votre responsabilit\u00e9 est limit\u00e9e. Consultez votre compagnie de carte de cr\u00e9dit pour en savoir plus. En tout premier lieu, toutefois, sachez que les am\u00e9liorations de la technologie ont r\u00e9duit de fa\u00e7on appr\u00e9ciable toute possibilit\u00e9 de fraude par carte de cr\u00e9dit sur Internet.<\/p>\n<p>Comment savoir si ma fiche de carte de cr\u00e9dit est prot\u00e9g\u00e9e?<\/p>\n<p>Pour vous assurer d\u2019avoir acc\u00e9d\u00e9 \u00e0 notre serveur s\u00e9curis\u00e9 avant de soumettre vos donn\u00e9es financi\u00e8res personnelles, v\u00e9rifiez le coin inf\u00e9rieur gauche de votre fureteur. Si vous voyez une cl\u00e9 intacte ou un verrou ferm\u00e9 (selon votre fureteur), c\u2019est que le SSL est activ\u00e9. Pour confirmer la s\u00e9curit\u00e9, examinez l\u2019URL ou la barre d\u2019adresse de votre fureteur. Si vous avez acc\u00e9d\u00e9 \u00e0 un serveur s\u00e9curis\u00e9, les premiers caract\u00e8res de l\u2019adresse sur cette ligne devraient changer de \u00ab http \u00bb \u00e0 \u00ab https \u00bb.<\/p>\n<p>Certaines versions de fureteurs et certains coupe-feu emp\u00eachent la communication par voie de serveurs s\u00e9curis\u00e9s comme ceux que nous utilisons pour traiter les commandes chez hipsaver.ca. S\u2019il vous est impossible d\u2019acc\u00e9der au serveur s\u00e9curis\u00e9, n\u2019h\u00e9sitez pas \u00e0 soumettre votre commande par t\u00e9l\u00e9phone au 1-877-771-0977. Nos repr\u00e9sentants du service \u00e0 la client\u00e8le se feront un plaisir de vous aider.<\/p>\n<\/div>\n","protected":false},"excerpt":{"rendered":"<p>Modalit\u00e9s d\u2019utilisation Bienvenue au site Web de Brown Heathcare (le  [&#8230;]<\/p>\n","protected":false},"author":1,"featured_media":0,"parent":0,"menu_order":0,"comment_status":"closed","ping_status":"closed","template":"","meta":{"footnotes":""},"class_list":["post-17601","page","type-page","status-publish","hentry"],"_links":{"self":[{"href":"https:\/\/brownhealthcare.com\/fr\/wp-json\/wp\/v2\/pages\/17601","targetHints":{"allow":["GET"]}}],"collection":[{"href":"https:\/\/brownhealthcare.com\/fr\/wp-json\/wp\/v2\/pages"}],"about":[{"href":"https:\/\/brownhealthcare.com\/fr\/wp-json\/wp\/v2\/types\/page"}],"author":[{"embeddable":true,"href":"https:\/\/brownhealthcare.com\/fr\/wp-json\/wp\/v2\/users\/1"}],"replies":[{"embeddable":true,"href":"https:\/\/brownhealthcare.com\/fr\/wp-json\/wp\/v2\/comments?post=17601"}],"version-history":[{"count":0,"href":"https:\/\/brownhealthcare.com\/fr\/wp-json\/wp\/v2\/pages\/17601\/revisions"}],"wp:attachment":[{"href":"https:\/\/brownhealthcare.com\/fr\/wp-json\/wp\/v2\/media?parent=17601"}],"curies":[{"name":"wp","href":"https:\/\/api.w.org\/{rel}","templated":true}]}}