{"id":17595,"date":"2023-12-03T19:24:17","date_gmt":"2023-12-04T00:24:17","guid":{"rendered":"https:\/\/brownhealthcare.flywheelsites.com\/?page_id=17595"},"modified":"2024-02-07T01:19:30","modified_gmt":"2024-02-07T06:19:30","slug":"privacy-policy","status":"publish","type":"page","link":"https:\/\/brownhealthcare.com\/fr\/privacy-policy\/","title":{"rendered":"Privacy Policy"},"content":{"rendered":"\r\n<p class=\"has-large-font-size\"><strong>Brown Healthcare ne vous communiquera jamais d &#8216;informations sans votre permission.<\/strong><\/p>\r\n\r\n\r\n\r\n<p>Brown Healthcare croit que la forte vie priv\u00e9e \u00e9lectronique est cruciale pour le succ\u00e8s continu d&#8217;Internet en tant que moyen de service, commercial et de divertissement. \u00c0 cette fin, \u00e0 moins que vous ne d\u00e9signiez autrement, les informations que vous entrez ici ne seront connues que pour deux parties: vous et Brown Healthcare.<\/p>\r\n\r\n\r\n\r\n<p>Nous nous engageons \u00e0 ce que Brown Healthcare ne divulgue pas vos donn\u00e9es personnelles \u00e0 quiconque sans votre consentement &#8211; p\u00e9riode.<\/p>\r\n\r\n\r\n\r\n<p>Vous pouvez modifier le statut si vous souhaitez recevoir des offres et des communications Brown Healthcare \u00e0 tout moment.<\/p>\r\n\r\n\r\n\r\n<p>Lorsque nous pr\u00e9sentons des informations \u00e0 nos annonceurs, sauf si vous nous le dites autrement, c&#8217;est sous la forme de statistiques globales compil\u00e9es parmi toutes les r\u00e9ponses de nos visiteurs aux questions d&#8217;enqu\u00eate ainsi que le comportement group\u00e9 sur le site.<\/p>\r\n\r\n\r\n\r\n<p class=\"has-small-font-size\"><a href=\"https:\/\/www.brownhealthcare.com\/privacy.php#1\">1. <\/a><a href=\"#information\">Quelles informations Brown Healthcare rassemble-t-elle \/suit-elle et comment est-elle utilis\u00e9e?<\/a><br \/><a href=\"https:\/\/www.brownhealthcare.com\/privacy.php#2\">2. <\/a><a href=\"#avecqui\">Avec qui Brown Healthcare partage les informations qu&#8217;il rassemble \/trace?<\/a><br \/><a href=\"#desabonnement\">3. Quelle est la politique de d\u00e9sinscription et de suppression de donn\u00e9es de Brown Healthcare?<\/a><br \/><a href=\"https:\/\/www.brownhealthcare.com\/privacy.php#4\">4. <\/a><a href=\"#suppression\">Quelle est la politique de Brown Healthcare en supprimant ou d\u00e9sactivant mon nom de sa base de donn\u00e9es?<\/a><br \/><a href=\"#autresquestions\">5. \u00c0 qui puis-je me demander si j&#8217;ai des questions suppl\u00e9mentaires?<\/a><\/p>\r\n\r\n\r\n\r\n<p id=\"information\" class=\"has-large-font-size\">Quelles informations Brown Healthcare rassemble-t-elle \/suit-elle et comment est-elle utilis\u00e9e?<\/p>\r\n\r\n\r\n\r\n<p>Utilisation des donn\u00e9es de trafic<\/p>\r\n\r\n\r\n\r\n<p>Chaque fois qu&#8217;un visiteur vient au site Web de Brown Healthcare, nous recueillons des informations pour am\u00e9liorer la qualit\u00e9 globale de l&#8217;exp\u00e9rience en ligne. Dans les sites de Brown Healthcare, nous recueillons le nom de domaine du visiteur (par exemple, si l&#8217;utilisateur a ouvert une session depuis sympatico.ca ou rogers.ca), des donn\u00e9es de r\u00e9f\u00e9rence (par exemple, nous enregistrons l&#8217;adresse de la derni\u00e8re URL qu&#8217;un utilisateur a visit\u00e9 avant de cliquer \u00e0 un site Web Brown Healthcare) et le type de navigateur et de plate-forme (par exemple, un navigateur Netscape sur une plate-forme Macintosh).<\/p>\r\n\r\n\r\n\r\n<p>Le site Web de Brown Healthcare enregistre \u00e9galement les adresses IP \u00e0 des fins d&#8217;administration de syst\u00e8mes. Les adresses IP sont enregistr\u00e9es pour suivre la session d&#8217;un utilisateur. Cela donne \u00e0 Brown Healthcare une id\u00e9e de la partie des visiteurs de notre site. Nous ne lions pas les adresses IP \u00e0 quoi que ce soit personnellement identifiable. Cela signifie que la session d&#8217;un utilisateur sera suivie, mais l&#8217;utilisateur sera anonyme.<\/p>\r\n\r\n\r\n\r\n<p>Utilisation des adresses \u00e9lectroniques collect\u00e9es \u00e0 partir des abonnements \u00e0 la newsletter de Brown Healthcare<\/p>\r\n\r\n\r\n\r\n<p>Apr\u00e8s s&#8217;\u00eatre inscrit pour recevoir un bulletin Brown Healthcare par courrier \u00e9lectronique, les utilisateurs commenceront \u00e0 recevoir un bulletin sur le contenu de Brown Healthcare livr\u00e9 quotidiennement, hebdomadairement ou mensuellement, ainsi que des annonces occasionnelles li\u00e9es \u00e0 des produits. Sur les sites Web de Brown Healthcare qui offrent des bulletins d&#8217;information, nous collectons les adresses e-mail des abonn\u00e9s afin de distribuer ces bulletins d&#8217;information et les annonces li\u00e9es aux produits.<\/p>\r\n\r\n\r\n\r\n<p id=\"avecqui\" class=\"has-large-font-size\">Avec qui Brown Healthcare partage-t-elle les informations personnelles qu&#8217;il rassemble \/suit?<\/p>\r\n\r\n\r\n\r\n<p>Personne.<\/p>\r\n\r\n\r\n\r\n<p id=\"desabonnement\" class=\"has-large-font-size\">Quelle est la politique de d\u00e9sabonnement et de suppression de donn\u00e9es de Brown Healthcare?<\/p>\r\n\r\n\r\n\r\n<p>D\u00e9sabonnement de la newsletter<\/p>\r\n\r\n\r\n\r\n<p>Si vous souhaitez modifier vos abonnements \u00e0 la newsletter ou vous d\u00e9sabonner, envoyez un courriel \u00e0 &#8220;remove at brownhealthcare.com&#8221;. (remplacez le mot &#8216;at&#8217; par le symbole @ et supprimez tous les espaces lors du courrier \u00e9lectronique)<\/p>\r\n\r\n\r\n\r\n<p id=\"suppression\" class=\"has-large-font-size\">Quelle est la politique de Brown Healthcare sur la suppression ou la d\u00e9sactivation de mon nom de sa base de donn\u00e9es?<\/p>\r\n\r\n\r\n\r\n<p>Si vous \u00eates membre de Brown Healthcare, vous pouvez demander \u00e0 \u00eatre supprim\u00e9 de toutes les listes de diffusion en nous envoyant un courriel \u00e0 \u00absupprimer \u00e0 brownhealthcare.com\u00bb. (remplacez le mot &#8216;at&#8217; par le symbole @ et supprimez tous les espaces lors du courrier \u00e9lectronique)<\/p>\r\n\r\n\r\n\r\n<p id=\"autresquestions\" class=\"has-large-font-size\">\u00c0 qui puis-je me demander si j&#8217;ai d&#8217;autres questions?<\/p>\r\n\r\n\r\n\r\n<p>Vous pouvez adresser toutes les questions concernant le support client aux &#8220;ventes \u00e0 brownhealthcare.com&#8221;. (remplacez le mot &#8216;at&#8217; par le symbole @ et supprimez tous les espaces lors du courrier \u00e9lectronique)<\/p>\r\n","protected":false},"excerpt":{"rendered":"<p>Brown Healthcare ne vous communiquera jamais d &#8216;informations sans votre  [&#8230;]<\/p>\n","protected":false},"author":1,"featured_media":0,"parent":0,"menu_order":0,"comment_status":"closed","ping_status":"open","template":"","meta":{"footnotes":""},"class_list":["post-17595","page","type-page","status-publish","hentry"],"_links":{"self":[{"href":"https:\/\/brownhealthcare.com\/fr\/wp-json\/wp\/v2\/pages\/17595","targetHints":{"allow":["GET"]}}],"collection":[{"href":"https:\/\/brownhealthcare.com\/fr\/wp-json\/wp\/v2\/pages"}],"about":[{"href":"https:\/\/brownhealthcare.com\/fr\/wp-json\/wp\/v2\/types\/page"}],"author":[{"embeddable":true,"href":"https:\/\/brownhealthcare.com\/fr\/wp-json\/wp\/v2\/users\/1"}],"replies":[{"embeddable":true,"href":"https:\/\/brownhealthcare.com\/fr\/wp-json\/wp\/v2\/comments?post=17595"}],"version-history":[{"count":0,"href":"https:\/\/brownhealthcare.com\/fr\/wp-json\/wp\/v2\/pages\/17595\/revisions"}],"wp:attachment":[{"href":"https:\/\/brownhealthcare.com\/fr\/wp-json\/wp\/v2\/media?parent=17595"}],"curies":[{"name":"wp","href":"https:\/\/api.w.org\/{rel}","templated":true}]}}